{"id":1225,"date":"2026-03-22T07:00:11","date_gmt":"2026-03-22T06:00:11","guid":{"rendered":"http:\/\/www.btue.de\/?page_id=1225"},"modified":"2026-03-22T09:24:44","modified_gmt":"2026-03-22T08:24:44","slug":"vorankuendigungen","status":"publish","type":"page","link":"https:\/\/www.btue.de\/?page_id=1225","title":{"rendered":"Veranstaltungskalender"},"content":{"rendered":"<h2>Veranstaltungen im Jahr <strong>2026<\/strong><\/h2>\n<ul>\n<li>Vorstandsitzungen (VS), Delegiertentag, Seminare etc.\n<ul>\n<li><span style=\"color: #999999;\">16.01.2026, VS, Teams<\/span><\/li>\n<li><span style=\"color: #999999;\">13.02.2026, VS, Teams<\/span><\/li>\n<li><span style=\"color: #999999;\">20.03.2026 &#8211; 21.03.2026 <strong>Delegiertentag und Seminar<\/strong>, Prunn\/Riedenburg<\/span><\/li>\n<li>08.05.2026, VS, Teams<\/li>\n<li><del>12.06.2026<\/del>, VS, Teams -&gt; verschoben auf 19.06.2026<\/li>\n<li>24.07.2026 &#8211; 25.07.2026, Sommerfest + VS, Prunn\/Riedenburg<\/li>\n<li>18.09.2026, VS, Teams<\/li>\n<li>23.10.2026 &#8211; 24.10.2026, VS, <strong>Herbstseminar<\/strong>, Prunn\/Riedenburg<\/li>\n<li>11.12.2026, Teams<\/li>\n<\/ul>\n<\/li>\n<\/ul>\n<p>&nbsp;<\/p>\n<ul>\n<li>Aktion &#8211; die <strong><em>bt\u00fc<\/em> <\/strong>stellt sich vor\n<ul>\n<li>28.04.2026 in der Mitarbeiter-Kantine in M\u00fcnchen\/Westendstrasse 199<\/li>\n<\/ul>\n<\/li>\n<\/ul>\n<p><center><img loading=\"lazy\" decoding=\"async\" class=\"aligncenter size-medium wp-image-3496\" src=\"https:\/\/www.btue.de\/wp-content\/uploads\/2026\/03\/Aktion_Muenchen_2026-213x300.png\" alt=\"\" width=\"213\" height=\"300\" srcset=\"https:\/\/www.btue.de\/wp-content\/uploads\/2026\/03\/Aktion_Muenchen_2026-213x300.png 213w, https:\/\/www.btue.de\/wp-content\/uploads\/2026\/03\/Aktion_Muenchen_2026-106x150.png 106w, https:\/\/www.btue.de\/wp-content\/uploads\/2026\/03\/Aktion_Muenchen_2026.png 475w\" sizes=\"auto, (max-width: 213px) 100vw, 213px\" \/><\/center><\/p>\n<ul>\n<li>Online Sessions im <em><strong>bt\u00fc<\/strong><\/em>-Frauennetzwerk\n<ul>\n<li><span style=\"color: #999999;\">28.01.2026, 17:00 &#8211; 18:00 Uhr, Tipps und Tricks zum Langzeitkonto <a style=\"color: #999999;\" href=\"https:\/\/teams.microsoft.com\/l\/meetup-join\/19%3ameeting_ZGZmMTAzZTctNTMyYS00NDExLWI0MzAtMjQ0OWMzMjk4ZjA3%40thread.v2\/0?context=%7b%22Tid%22%3a%22a1109567-0815-4e1f-88af-e23555482aaa%22%2c%22Oid%22%3a%22e6ea906c-936c-44ee-a7c9-183852e6d18c%22%7d\" target=\"_blank\" rel=\"noopener\">Besprechungslink<\/a><\/span><\/li>\n<li><span style=\"color: #999999;\">05.03.2026, 11:30 &#8211; 13:00 Uhr, Mittagessen mit Mitgliedern des Aufsichtsrats der T\u00dcV S\u00dcD AG<\/span><\/li>\n<li>22.04.2026, 17-18 Uhr, Empowered by Intelligence: Wie KI Frauen im Business st\u00e4rkt, <a href=\"https:\/\/teams.microsoft.com\/meet\/35748740278703?p=pZnOTsKqOOZ886vZ6W\">Besprechungslink<\/a><\/li>\n<li>15.07.2026, 17-18 Uhr, Hinschauen statt Wegsehen: Gemeinsam stark gegen Sucht, <a href=\"https:\/\/teams.microsoft.com\/meet\/32709646745903?p=1N4HPeZnuqQr2xBOmO\">Besprechungslink<\/a><\/li>\n<li>04.11.2026, 17-18 Uhr, Vorbereitung auf das Mitarbeitergespr\u00e4ch\/Leistungsbeurteilung &#8211; wie pr\u00e4sentiere ich mich und meine Arbeit gut beim Chef, <a href=\"https:\/\/teams.microsoft.com\/meet\/37091083927029?p=XbjV1oBlrtUDJkPeJA\">Besprechungslink<\/a><\/li>\n<\/ul>\n<\/li>\n<\/ul>\n<p>&nbsp;<\/p>\n<ul>\n<li style=\"text-align: left;\">Lunch &amp; Talk im <strong><em>bt\u00fc<\/em><\/strong>-Frauennetzwerk \u2013 Zeit f\u00fcr Austausch, Zeit f\u00fcr Inspiration, Zeit f\u00fcr uns:\n<ul>\n<li><span style=\"color: #999999;\">05.03.2026<\/span><\/li>\n<li>05.05.2026<\/li>\n<li>09.07.2026<\/li>\n<li>08.10.2026<\/li>\n<li>08.12.2026<\/li>\n<\/ul>\n<\/li>\n<\/ul>\n","protected":false},"excerpt":{"rendered":"<p>Veranstaltungen im Jahr 2026 Vorstandsitzungen (VS), Delegiertentag, Seminare etc. 16.01.2026, VS, Teams 13.02.2026, VS, Teams 20.03.2026 &#8211; 21.03.2026 Delegiertentag und Seminar, Prunn\/Riedenburg 08.05.2026, VS, Teams 12.06.2026, VS, Teams -&gt; verschoben auf 19.06.2026 24.07.2026 &#8211; 25.07.2026, Sommerfest + VS, Prunn\/Riedenburg 18.09.2026, VS, Teams 23.10.2026 &#8211; 24.10.2026, VS, Herbstseminar, Prunn\/Riedenburg 11.12.2026, Teams &nbsp; Aktion &#8211; die bt\u00fc [&hellip;]<\/p>\n","protected":false},"author":4,"featured_media":0,"parent":15,"menu_order":0,"comment_status":"closed","ping_status":"closed","template":"","meta":{"footnotes":""},"class_list":["post-1225","page","type-page","status-publish","hentry"],"_links":{"self":[{"href":"https:\/\/www.btue.de\/index.php?rest_route=\/wp\/v2\/pages\/1225","targetHints":{"allow":["GET"]}}],"collection":[{"href":"https:\/\/www.btue.de\/index.php?rest_route=\/wp\/v2\/pages"}],"about":[{"href":"https:\/\/www.btue.de\/index.php?rest_route=\/wp\/v2\/types\/page"}],"author":[{"embeddable":true,"href":"https:\/\/www.btue.de\/index.php?rest_route=\/wp\/v2\/users\/4"}],"replies":[{"embeddable":true,"href":"https:\/\/www.btue.de\/index.php?rest_route=%2Fwp%2Fv2%2Fcomments&post=1225"}],"version-history":[{"count":116,"href":"https:\/\/www.btue.de\/index.php?rest_route=\/wp\/v2\/pages\/1225\/revisions"}],"predecessor-version":[{"id":3497,"href":"https:\/\/www.btue.de\/index.php?rest_route=\/wp\/v2\/pages\/1225\/revisions\/3497"}],"up":[{"embeddable":true,"href":"https:\/\/www.btue.de\/index.php?rest_route=\/wp\/v2\/pages\/15"}],"wp:attachment":[{"href":"https:\/\/www.btue.de\/index.php?rest_route=%2Fwp%2Fv2%2Fmedia&parent=1225"}],"curies":[{"name":"wp","href":"https:\/\/api.w.org\/{rel}","templated":true}]}}