{"id":1810,"date":"2026-02-03T07:00:52","date_gmt":"2026-02-03T06:00:52","guid":{"rendered":"http:\/\/www.btue.de\/?page_id=1810"},"modified":"2026-02-03T08:50:20","modified_gmt":"2026-02-03T07:50:20","slug":"datenschutz","status":"publish","type":"page","link":"https:\/\/www.btue.de\/?page_id=1810","title":{"rendered":"Datenschutz"},"content":{"rendered":"<h2>Verantwortlich f\u00fcr die Verarbeitung personenbezogener Daten ist die<\/h2>\n<p><strong><em>bt\u00fc<\/em><\/strong> &#8211; <span style=\"font-size: x-large;\"><strong><em>b<\/em><\/strong><\/span>esch\u00e4ftigte in der <span style=\"font-size: x-large;\"><strong><em>t<\/em><\/strong><\/span>echnischen <span style=\"font-size: x-large;\"><strong><em>\u00fc<\/em><\/strong><\/span>berwachung<br \/>\nWestendstra\u00dfe 199<br \/>\n80686 M\u00fcnchen<\/p>\n<p>Telefon: 01520 \/ 67 00 403<br \/>\nE-Mail: <a href=\"mailto:post@btue.de\">post@btue.de<\/a><br \/>\nInternet: <a href=\"https:\/\/www.btue.de\/\">www.btue.de<\/a><\/p>\n<p>Vertretungsberechtigter Vorstand:<br \/>\nMarcel Rath (Vorsitzender)<\/p>\n<p>&nbsp;<\/p>\n<h2><strong>Welche personenbezogenen Daten verarbeiten wir und warum?<\/strong><\/h2>\n<h4><span style=\"text-decoration: underline;\">Umgang mit Verarbeitung der Daten unserer Mitglieder und Interessenten<\/span><\/h4>\n<p>Ihre personenbezogenen Daten werden von der <strong><em>bt\u00fc<\/em><\/strong> gem\u00e4\u00df der europ\u00e4ischen Datenschutzgrundverordnung (DSGVO) und dem deutschen Datenschutzrecht (BDSG) f\u00fcr die Begr\u00fcndung und Verwaltung Ihrer Mitgliedschaft nach Artikel 6 Abs. 1 b) und soweit es sich um besondere personenbezogene Daten handelt nach Artikel 9 Abs. 2 b), d) DSGVO verarbeitet.<br \/>\nZweck und Aufgaben der <strong><em>bt\u00fc<\/em><\/strong> sind in \u00a7 2 der Satzung niedergelegt.<br \/>\nDie Verarbeitung der Mitgliederdaten und derjenigen, die sich f\u00fcr eine Mitgliedschaft interessieren erfolgt innerhalb der satzungsm\u00e4\u00dfigen Zwecke, insbesondere der Abgleich der Daten zum Zweck der Beitragsabrechnung mit dem T\u00dcV S\u00dcD entsprechend dem \u00a7 4 der Satzung der <strong><em>bt\u00fc<\/em><\/strong>.<br \/>\nDar\u00fcber hinaus gehende Verarbeitungen und insbesondere \u00dcbermittlungen an Dritte erfolgen nur mit Ihrer Einwilligung nach Artikel 6 Abs. 1 a) und soweit es sich um besondere personenbezogene Daten handelt nach Artikel 9 Abs. 2 a) DSGVO oder aufgrund berechtigter Interessen, die sich aus rechtlichen Verpflichtungen der <strong><em>bt\u00fc<\/em><\/strong> nach Artikel 6 Abs. 1 c) oder berechtigten Interessen nach Artikel 6 Abs. 1 f) bzw. Artikel 9 f), h) DSGVO ergeben.<\/p>\n<p>&nbsp;<\/p>\n<h4><span style=\"text-decoration: underline;\">Betroffenenrechte<\/span><\/h4>\n<p>Als Betroffener haben Sie in Bezug auf Ihre personenbezogenen Daten folgende in der DSGVO niedergelegten Rechte, insbesondere:<\/p>\n<ul>\n<li>Art. 7 Abs. 3 DSGVO: Recht auf jederzeitigen Widerruf der Einwilligung in die Datenverarbeitung<\/li>\n<li>Art. 14 DSGVO: Recht auf Information, wenn die personenbezogenen Daten nicht bei der betroffenen Person erhoben wurden<\/li>\n<li>Art. 15 DSGVO: Recht auf Auskunft \u00fcber das Ob und Wie der Datenverarbeitung<\/li>\n<li>Art. 16 DSGVO: Recht auf Berichtigung<\/li>\n<li>Art. 17 DSGVO: Recht auf L\u00f6schung (&#8222;Recht auf Vergessenwerden&#8220;)<\/li>\n<li>Art. 18 DSGVO: Recht auf Einschr\u00e4nkung der Bearbeitung<\/li>\n<li>Art. 20 DSGVO: Recht auf \u00dcbertragbarkeit der Daten (Datenportabilit\u00e4t)<\/li>\n<li>Art. 21 DSGVO: Recht auf Widerspruch<\/li>\n<li>Art. 77 DSGVO: Recht der Beschwerde bei der Aufsichtsbeh\u00f6rde<\/li>\n<\/ul>\n<p>Soweit wir Daten aufgrund Ihrer Einwilligung nach Artikel 6 Abs. 1 a) oder Artikel 9 Abs. 2 a) DSGVO verarbeiten, weisen wir Sie bei der Erhebung der Daten auf Ihr Recht entsprechend Art. 7 Abs. 3 DSGVO auf den jederzeitigen Widerruf der Einwilligung, ohne dass es einer Begr\u00fcndung bedarf, sowie die M\u00f6glichkeiten der Aus\u00fcbung hin.<\/p>\n<p>&nbsp;<\/p>\n<h4><span style=\"text-decoration: underline;\">Speicherdauer und L\u00f6schung<\/span><\/h4>\n<p>Wir l\u00f6schen die Daten von ausgeschiedenen Mitgliedern nach Ende der Mitgliedschaft, soweit wir sie weder zur Erf\u00fcllung eigener rechtlicher Verpflichtungen nach Artikel 6 Abs. 1 c) DSGVO, noch zur Gew\u00e4hrung von Vorteilen, die \u00fcber die Mitgliedschaft hinausreichen nach Artikel 6 Abs. 1 b) DSGVO, noch zur Wahrung berechtigter Interessen nicht weiter archivieren m\u00fcssen.<br \/>\nDaten von Betroffenen, die sich mit Interesse an einer Mitgliedschaft sich mit uns in Verbindung gesetzt haben, l\u00f6schen wir 3 Monate nach dem letzten Kontakt.<br \/>\nDaten, die wir aufgrund Einwilligung nach Artikel 6 Abs. 1 a) oder Artikel 9 Abs. 2 a) DSGVO erhoben haben, l\u00f6schen wir unverz\u00fcglich nach Mitteilung eines Widerrufs der Einwilligung durch Sie, es sei denn wir sind rechtlich verpflichtet oder es entspricht unseren berechtigten Interessen, die Daten weiterhin zu archivieren bis zum Ablauf von Aufbewahrungsfristen.<br \/>\nAufbewahrungsfristen enden \u00fcblicherweise 8 Jahre nach Ende des Jahres, in welchem der Zweck f\u00fcr die Verarbeitung weggefallen ist, es sei denn das betreffende Jahr ist Gegenstand einer Betriebspr\u00fcfung, so dass sich die Frist bis zum Abschluss der Betriebspr\u00fcfung verl\u00e4ngert. Daten, welche nicht Gegenstand einer Betriebspr\u00fcfung sein k\u00f6nnen, l\u00f6schen wir umgehend. Soweit wir z.B. aus technischen Gr\u00fcnden Ihre E-Mail-Adresse in eine technisch automatisierte Black-List aufnehmen m\u00fcssen, um Ihrem Wunsch zuverl\u00e4ssig entsprechen zu k\u00f6nnen, keine Newsletter o.\u00e4. Mitteilungen an Sie zu senden, endet die Speicherfrist erst mit Einstellung des betreffenden Dienstes.<\/p>\n<p>&nbsp;<\/p>\n<h4><span style=\"text-decoration: underline;\">Umgang mit Daten aus unseren Leistungen f\u00fcr unsere Mitglieder<\/span><\/h4>\n<p>Die <strong><em>bt\u00fc<\/em><\/strong> ist Mitglied im Bayerischen Beamtenbund (bbb) und der BTB Gewerkschaft Technik und Naturwissenschaft im dbb Beamtenbund und Tarifunion. Wir bieten unseren Mitgliedern z. B. Rechtsschutz (<em>Beratungsrechtschutz<\/em>: Kompetente Rechtsberatung im Einzelfall und auf Antrag <em>Verfahrensrechtsschutz<\/em>: Rechtsbeistand beim Arbeitsgericht durch kompetente Rechtsanw\u00e4lte des dbb-Dienstleistungszentrum) entsprechend \u00a7 5 der Satzung und beraten in diversen Fragen im Zusammenhang mit dem Dienst- oder Arbeitsverh\u00e4ltnis des Mitglieds stehen. Diese Leistungen m\u00fcssen von Ihnen jeweils beantragt werden.<br \/>\nZur Leistungserbringung ben\u00f6tigen wir von Ihnen eine Reihe von Daten, insbesondere Adressdaten, wie Postanschrift und Telefon, aber auch die E-Mail-Adresse zur schnelleren Kontaktaufnahme, insbesondere zur Wahrung von Rechtsfristen und weitere Daten zur entsprechenden Bearbeitung Ihrer Anfragen, bzw. Antr\u00e4ge. F\u00fcr die Bearbeitung eines konkreten Rechtsschutzfalls ist das Ausf\u00fcllen eines Formulars zwingend erforderlich. Die entsprechenden Daten werden erhoben, verarbeitet und genutzt, soweit dies zur Durchsetzung Ihrer Anspr\u00fcche erforderlich ist. Soweit erforderlich, werden diese dann auch an externe Stellen, wie Gerichte etc. weitergegeben.<br \/>\nDiese Daten werden ab Abschluss der Angelegenheit f\u00fcr 8 Jahre aufgrund der steuerlichen Aufbewahrungspflichten nach der Abgabenordnung gespeichert und anschlie\u00dfend gel\u00f6scht. Senden Sie uns unaufgefordert Informationen \u00fcber Ihre pers\u00f6nlichen Daten, werden diese nach Erledigung Ihrer Angelegenheit gel\u00f6scht. Anders verh\u00e4lt sich dies nur, wenn wir ein berechtigtes Interesse an der fortdauernden Speicherung haben.<\/p>\n<p>&nbsp;<\/p>\n<h4><span style=\"text-decoration: underline;\">BTB-Magazin und <strong><em>bt\u00fc<\/em><\/strong>-Newsletter<\/span><\/h4>\n<p>Die <strong><em>bt\u00fc<\/em><\/strong>-Mitglieder erhalten in regelm\u00e4\u00dfigen Abst\u00e4nden ein Mitgliedermagazin per Post und einen <strong><em>bt\u00fc<\/em><\/strong>-Newsletter per E-Mail. Eine Abmeldung vom <em><strong>bt\u00fc<\/strong><\/em>-Newsletter ist jederzeit \u00fcber folgenden Link m\u00f6glich: <a href=\"https:\/\/forms.office.com\/e\/T3hxgwXywY\" target=\"_blank\" rel=\"noopener\">Abmeldung Newsletter<\/a>. Die Abgabe Ihrer Erkl\u00e4rung ist stets freiwillig und jederzeit mit Wirkung f\u00fcr die Zukunft widerruflich.<\/p>\n<p>&nbsp;<\/p>\n<h2>Umgang mit Daten des Internetauftritts<\/h2>\n<h4><span style=\"text-decoration: underline;\">Eingebettete Inhalte von anderen Websites<\/span><\/h4>\n<p>Beitr\u00e4ge auf dieser Website k\u00f6nnen eingebettete Inhalte enthalten (z.\u00a0B. Videos, Bilder, Beitr\u00e4ge etc.). Eingebettete Inhalte von anderen Websites verhalten sich exakt so, als ob der Besucher die andere Website besucht h\u00e4tte.<br \/>\nDiese Websites k\u00f6nnen Daten \u00fcber Sie sammeln, Cookies benutzen, zus\u00e4tzliche Tracking-Dienste von Dritten einbetten und Ihre Interaktion mit diesem eingebetteten Inhalt aufzeichnen, inklusive Ihrer Interaktion mit dem eingebetteten Inhalt, falls Sie ein Konto haben und auf dieser Website angemeldet sind.<\/p>\n<h4><span style=\"text-decoration: underline;\">Analysedienste<\/span><\/h4>\n<p>Diese Websites k\u00f6nnen Daten \u00fcber Sie sammeln, Cookies benutzen, zus\u00e4tzliche Tracking-Dienste von Dritten einbetten und Ihre Interaktion mit diesem eingebetteten Inhalt aufzeichnen, inklusive Ihrer Interaktion mit dem eingebetteten Inhalt, falls Sie ein Konto haben und auf dieser Website angemeldet sind.<br \/>\nDer bt\u00fc-Internetauftritt wird mittels WordPress <a href=\"https:\/\/de.wordpress.org\/\">https:\/\/de.wordpress.org\/<\/a> administriert.<br \/>\nDer Internetauftritt ist bei der STRATO AG <a href=\"https:\/\/www.strato.de\/\">https:\/\/www.strato.de\/<\/a> gehostet.<br \/>\nWenn Sie unsere Webseite besuchen \u00fcbermittelt das Ger\u00e4t, mit dem Sie die Seite aufrufen, automatisch Log-Daten (Verbindungsdaten) an Server von Strato. Das ist insbesondere der Fall, wenn Sie bestellen, wenn Sie sich einloggen oder wenn Sie Daten hoch- oder runterladen. Log-Daten werden von Servern von Strato auch erfasst, wenn Besucher unsere Webseiten aufrufen. Log-Daten enthalten die IP-Adresse des Ger\u00e4tes, mit dem Sie auf die Website oder einen Dienst zugreifen, die Art des Browsers, mit dem Sie zugreifen, die Webseite, die Sie zuvor besucht haben, Ihre Systemkonfiguration sowie Datum und Zeitangaben. Strato speichern IP-Adressen nur, soweit es zur Erbringung der Dienste von Strato erforderlich ist. Ansonsten werden die IP-Adressen gel\u00f6scht oder anonymisiert.<br \/>\nStrato nutzt folgende Tracking- und Analysetools, die unter <a href=\"https:\/\/www.strato.de\/datenschutz\/\">https:\/\/www.strato.de\/datenschutz\/<\/a> n\u00e4her beschrieben sind:<\/p>\n<ul>\n<li>Matomo<\/li>\n<li>Econda<\/li>\n<li>Webtrekk<\/li>\n<li>Videobeat<\/li>\n<li>A\/B Test<\/li>\n<li>Facebook<\/li>\n<li>Google Adwords<\/li>\n<li>Google Remarketing<\/li>\n<li>Microsoft Advertising<\/li>\n<\/ul>\n<p>Dar\u00fcber hinausgehende Analysen, die z.\u00a0B. \u00fcber Plugins in WordPress eingebunden werden k\u00f6nnen, werden nicht verwendet.<\/p>\n","protected":false},"excerpt":{"rendered":"<p>Verantwortlich f\u00fcr die Verarbeitung personenbezogener Daten ist die bt\u00fc &#8211; besch\u00e4ftigte in der technischen \u00fcberwachung Westendstra\u00dfe 199 80686 M\u00fcnchen Telefon: 01520 \/ 67 00 403 E-Mail: post@btue.de Internet: www.btue.de Vertretungsberechtigter Vorstand: Marcel Rath (Vorsitzender) &nbsp; Welche personenbezogenen Daten verarbeiten wir und warum? Umgang mit Verarbeitung der Daten unserer Mitglieder und Interessenten Ihre personenbezogenen Daten werden [&hellip;]<\/p>\n","protected":false},"author":4,"featured_media":0,"parent":0,"menu_order":0,"comment_status":"closed","ping_status":"closed","template":"","meta":{"footnotes":""},"class_list":["post-1810","page","type-page","status-publish","hentry"],"_links":{"self":[{"href":"https:\/\/www.btue.de\/index.php?rest_route=\/wp\/v2\/pages\/1810","targetHints":{"allow":["GET"]}}],"collection":[{"href":"https:\/\/www.btue.de\/index.php?rest_route=\/wp\/v2\/pages"}],"about":[{"href":"https:\/\/www.btue.de\/index.php?rest_route=\/wp\/v2\/types\/page"}],"author":[{"embeddable":true,"href":"https:\/\/www.btue.de\/index.php?rest_route=\/wp\/v2\/users\/4"}],"replies":[{"embeddable":true,"href":"https:\/\/www.btue.de\/index.php?rest_route=%2Fwp%2Fv2%2Fcomments&post=1810"}],"version-history":[{"count":19,"href":"https:\/\/www.btue.de\/index.php?rest_route=\/wp\/v2\/pages\/1810\/revisions"}],"predecessor-version":[{"id":3480,"href":"https:\/\/www.btue.de\/index.php?rest_route=\/wp\/v2\/pages\/1810\/revisions\/3480"}],"wp:attachment":[{"href":"https:\/\/www.btue.de\/index.php?rest_route=%2Fwp%2Fv2%2Fmedia&parent=1810"}],"curies":[{"name":"wp","href":"https:\/\/api.w.org\/{rel}","templated":true}]}}