{"id":1964,"date":"2019-12-12T08:09:24","date_gmt":"2019-12-12T07:09:24","guid":{"rendered":"http:\/\/www.btue.de\/?page_id=1964"},"modified":"2019-12-12T14:45:16","modified_gmt":"2019-12-12T13:45:16","slug":"fuer-die-wahlvorstaende-verfahrensanweisung-fuer-die-btue-delegiertenwahl","status":"publish","type":"page","link":"https:\/\/www.btue.de\/?page_id=1964","title":{"rendered":"f\u00fcr die Wahlvorst\u00e4nde: Arbeitsanweisung f\u00fcr die <i>bt\u00fc<\/i> &#8211; Delegiertenwahl"},"content":{"rendered":"","protected":true},"excerpt":{"rendered":"","protected":true},"author":4,"featured_media":0,"parent":0,"menu_order":0,"comment_status":"closed","ping_status":"closed","template":"","meta":{"footnotes":""},"class_list":["post-1964","page","type-page","status-publish","post-password-required","hentry"],"_links":{"self":[{"href":"https:\/\/www.btue.de\/index.php?rest_route=\/wp\/v2\/pages\/1964","targetHints":{"allow":["GET"]}}],"collection":[{"href":"https:\/\/www.btue.de\/index.php?rest_route=\/wp\/v2\/pages"}],"about":[{"href":"https:\/\/www.btue.de\/index.php?rest_route=\/wp\/v2\/types\/page"}],"author":[{"embeddable":true,"href":"https:\/\/www.btue.de\/index.php?rest_route=\/wp\/v2\/users\/4"}],"replies":[{"embeddable":true,"href":"https:\/\/www.btue.de\/index.php?rest_route=%2Fwp%2Fv2%2Fcomments&post=1964"}],"version-history":[{"count":18,"href":"https:\/\/www.btue.de\/index.php?rest_route=\/wp\/v2\/pages\/1964\/revisions"}],"predecessor-version":[{"id":2080,"href":"https:\/\/www.btue.de\/index.php?rest_route=\/wp\/v2\/pages\/1964\/revisions\/2080"}],"wp:attachment":[{"href":"https:\/\/www.btue.de\/index.php?rest_route=%2Fwp%2Fv2%2Fmedia&parent=1964"}],"curies":[{"name":"wp","href":"https:\/\/api.w.org\/{rel}","templated":true}]}}