{"id":2433,"date":"2024-10-20T07:00:29","date_gmt":"2024-10-20T06:00:29","guid":{"rendered":"http:\/\/www.btue.de\/?page_id=2433"},"modified":"2024-10-20T07:22:30","modified_gmt":"2024-10-20T06:22:30","slug":"ziele-und-leistungen","status":"publish","type":"page","link":"https:\/\/www.btue.de\/?page_id=2433","title":{"rendered":"Ziele und Leistungen"},"content":{"rendered":"<h3>Wir setzen uns ein f\u00fcr<\/h3>\n<ul>\n<li>eine unabh\u00e4ngige Betriebsratsarbeit<\/li>\n<li>die volle Aussch\u00f6pfung der Mitbestimmungsrechte<\/li>\n<li>ergonomische Arbeitspl\u00e4tze und sozial vertr\u00e4gliche Arbeitsbedingungen<\/li>\n<li>die Flexibilisierung der Arbeitszeit durch Selbstbestimmung der Arbeitnehmer<\/li>\n<li>eine sichere und dynamische betriebliche Altersversorgung<\/li>\n<li>die Erhaltung bestehender sozialer Leistungen und deren Fortentwicklung<\/li>\n<li>Verzicht auf betriebsbedingte K\u00fcndigungen<\/li>\n<li>objektive Mitarbeiterbeurteilung<\/li>\n<li>qualifizierte Aus- und Weiterbildung<\/li>\n<\/ul>\n<h3>Wir sind gegen<\/h3>\n<ul>\n<li>Personalabbau<\/li>\n<li>Verschlechterungen zu Lasten der Arbeitnehmer<\/li>\n<li>Sanierungsma\u00dfnahmen auf Kosten der Besch\u00e4ftigten<\/li>\n<li>Mobbing im Betrieb<\/li>\n<li>Missachtung des Datenschutzes<\/li>\n<\/ul>\n<h3>Wir bieten<\/h3>\n<ul>\n<li>Beratung bei berufsbezogenen Problemen (z. B. Arbeitsvertrag, K\u00fcndigung, Arbeitsgesetze, Tarifvertrag, Betriebsvereinbarung, Altersversorgung, Arbeitsschutzbestimmungen). Unsere Delegierten vor Ort und unsere Gesch\u00e4ftsstellen, sind f\u00fcr Sie da.<\/li>\n<li>Vertretung Ihrer sozialen und beruflichen Interessen gegen\u00fcber dem Arbeitgeber.<\/li>\n<li>\u00fcber unsere Dachorganisation bieten wir Rechtsschutz in allen Angelegenheiten, die sich aus dem Arbeitsverh\u00e4ltnis oder der Betriebsratst\u00e4tigkeit ergeben.<\/li>\n<\/ul>\n<p style=\"padding-left: 40px;\">Die Vereinigung der <strong><em>b<\/em><\/strong>esch\u00e4ftigten in der <strong><em>t<\/em><\/strong>echnischen <strong><em>\u00fc<\/em><\/strong>berwachung, <b><i>bt\u00fc<\/i><\/b> ist Mitglied<\/p>\n<ul>\n<li style=\"list-style-type: none;\">\n<ul>\n<li style=\"list-style-type: none;\">\n<ul>\n<li>\n<h5><a href=\"https:\/\/btb-online.org\/\" target=\"_blank\" rel=\"noopener\">BTB &#8211; Gewerkschaft Technik und Naturwissenschaft im dbb &#8211; beamtenbund und tarifunion<\/a>\u00a0 <img loading=\"lazy\" decoding=\"async\" class=\"wp-image-2832\" src=\"https:\/\/www.btue.de\/wp-content\/uploads\/2024\/05\/btb-logo-caption-150x55.png\" alt=\"\" width=\"150\" height=\"55\" srcset=\"https:\/\/www.btue.de\/wp-content\/uploads\/2024\/05\/btb-logo-caption-150x55.png 150w, https:\/\/www.btue.de\/wp-content\/uploads\/2024\/05\/btb-logo-caption.png 240w\" sizes=\"auto, (max-width: 150px) 100vw, 150px\" \/><\/h5>\n<\/li>\n<li>im\u00a0<a href=\"https:\/\/www.bbb-bayern.de\/\" target=\"_blank\" rel=\"noopener noreferrer\">Bayerischen Beamtenbund<\/a>\u00a0<a href=\"https:\/\/www.btue.de\/wp-content\/uploads\/2013\/07\/bbb_logo01.gif\"><img loading=\"lazy\" decoding=\"async\" class=\"alignnone wp-image-1012\" src=\"https:\/\/www.btue.de\/wp-content\/uploads\/2013\/07\/bbb_logo01.gif\" alt=\"bbb_logo01\" width=\"120\" height=\"36\" \/><\/a><\/li>\n<li>im <a href=\"https:\/\/www.dbb.de\/\" target=\"_blank\" rel=\"noopener\">Deutschem Beamtenbund (dbb)<\/a> <img loading=\"lazy\" decoding=\"async\" class=\"alignnone wp-image-2446\" src=\"https:\/\/www.btue.de\/wp-content\/uploads\/2022\/01\/dbb.png\" alt=\"\" width=\"145\" height=\"36\" srcset=\"https:\/\/www.btue.de\/wp-content\/uploads\/2022\/01\/dbb.png 470w, https:\/\/www.btue.de\/wp-content\/uploads\/2022\/01\/dbb-300x75.png 300w, https:\/\/www.btue.de\/wp-content\/uploads\/2022\/01\/dbb-150x37.png 150w\" sizes=\"auto, (max-width: 145px) 100vw, 145px\" \/><\/li>\n<\/ul>\n<\/li>\n<\/ul>\n<\/li>\n<\/ul>\n<p style=\"padding-left: 40px;\">und bietet daher Rechtsschutz durch das dbb-Dienstleistungszentrum.<\/p>\n<ul>\n<li>Unterst\u00fctzung und F\u00f6rderung der Betriebsratsarbeit und damit auch der Weiterentwicklung der betrieblichen Mitbestimmung<\/li>\n<li>ungef\u00e4rbte und deutlich verst\u00e4ndliche Informationen aus dem innerbetrieblichen, gelegentlich auch aus dem \u00fcberbetrieblichen Bereich.<\/li>\n<\/ul>\n<h3>Kurz gesagt:<\/h3>\n<p>Die <em><strong>bt\u00fc\u00a0<\/strong><\/em>bietet ihren Mitgliedern alle Leistungen zu g\u00fcnstigen Konditionen.<\/p>\n<p>Sollten unsere Ziele Ihren Vorstellungen entsprechen, z\u00f6gern Sie nicht, die\u00a0<a href=\"https:\/\/www.btue.de\/?page_id=436\">Beitrittserkl\u00e4rung<\/a>\u00a0auszuf\u00fcllen. K\u00f6nnen Sie sich mit der <b><i>bt\u00fc<\/i><\/b> im Besonderen identifizieren, sind Sie auch zur aktiven Mitarbeit herzlich eingeladen.<\/p>\n","protected":false},"excerpt":{"rendered":"<p>Wir setzen uns ein f\u00fcr eine unabh\u00e4ngige Betriebsratsarbeit die volle Aussch\u00f6pfung der Mitbestimmungsrechte ergonomische Arbeitspl\u00e4tze und sozial vertr\u00e4gliche Arbeitsbedingungen die Flexibilisierung der Arbeitszeit durch Selbstbestimmung der Arbeitnehmer eine sichere und dynamische betriebliche Altersversorgung die Erhaltung bestehender sozialer Leistungen und deren Fortentwicklung Verzicht auf betriebsbedingte K\u00fcndigungen objektive Mitarbeiterbeurteilung qualifizierte Aus- und Weiterbildung Wir sind gegen Personalabbau [&hellip;]<\/p>\n","protected":false},"author":4,"featured_media":0,"parent":0,"menu_order":0,"comment_status":"closed","ping_status":"closed","template":"","meta":{"footnotes":""},"class_list":["post-2433","page","type-page","status-publish","hentry"],"_links":{"self":[{"href":"https:\/\/www.btue.de\/index.php?rest_route=\/wp\/v2\/pages\/2433","targetHints":{"allow":["GET"]}}],"collection":[{"href":"https:\/\/www.btue.de\/index.php?rest_route=\/wp\/v2\/pages"}],"about":[{"href":"https:\/\/www.btue.de\/index.php?rest_route=\/wp\/v2\/types\/page"}],"author":[{"embeddable":true,"href":"https:\/\/www.btue.de\/index.php?rest_route=\/wp\/v2\/users\/4"}],"replies":[{"embeddable":true,"href":"https:\/\/www.btue.de\/index.php?rest_route=%2Fwp%2Fv2%2Fcomments&post=2433"}],"version-history":[{"count":7,"href":"https:\/\/www.btue.de\/index.php?rest_route=\/wp\/v2\/pages\/2433\/revisions"}],"predecessor-version":[{"id":2945,"href":"https:\/\/www.btue.de\/index.php?rest_route=\/wp\/v2\/pages\/2433\/revisions\/2945"}],"wp:attachment":[{"href":"https:\/\/www.btue.de\/index.php?rest_route=%2Fwp%2Fv2%2Fmedia&parent=2433"}],"curies":[{"name":"wp","href":"https:\/\/api.w.org\/{rel}","templated":true}]}}