{"id":2434,"date":"2024-05-20T08:00:19","date_gmt":"2024-05-20T07:00:19","guid":{"rendered":"http:\/\/www.btue.de\/?page_id=2434"},"modified":"2024-05-20T09:45:17","modified_gmt":"2024-05-20T08:45:17","slug":"organisation","status":"publish","type":"page","link":"https:\/\/www.btue.de\/?page_id=2434","title":{"rendered":"Organisation"},"content":{"rendered":"<p>Die Organisationsstruktur der <strong><em>bt\u00fc <\/em><\/strong>ist vom Mitglied bis zum Delegiertentag demokratisch aufgebaut. Die <strong><em>bt\u00fc<\/em><\/strong>-Mitglieder w\u00e4hlen alle vier Jahre ihre Delegierten aus den eigenen Reihen. Diese Delegierten betreuen ehrenamtlich die Mitglieder in ihrem Zust\u00e4ndigkeitsbereich. Sie sorgen daf\u00fcr, dass Fragen der Mitglieder schnellstm\u00f6glich beantwortet werden und geben W\u00fcnsche und Anregungen umgehend an die zust\u00e4ndige Stelle weiter.<\/p>\n<p>Die von den Delegierten gew\u00e4hlte Vorstandschaft arbeitet ebenfalls ehrenamtlich. Lediglich die Gesch\u00e4ftsstellen sind von bezahlten Mitarbeitern besetzt. Dadurch ist es m\u00f6glich, den Mitgliedsbeitrag auf einem f\u00fcr Arbeitnehmervertretungen ungew\u00f6hnlich niedrigen Niveau zu halten.<\/p>\n<p>Dieses niedrige Niveau unseres Mitgliedsbeitrages gilt obwohl wir Gewerkschaftsarbeit leisten.<\/p>\n","protected":false},"excerpt":{"rendered":"<p>Die Organisationsstruktur der bt\u00fc ist vom Mitglied bis zum Delegiertentag demokratisch aufgebaut. Die bt\u00fc-Mitglieder w\u00e4hlen alle vier Jahre ihre Delegierten aus den eigenen Reihen. Diese Delegierten betreuen ehrenamtlich die Mitglieder in ihrem Zust\u00e4ndigkeitsbereich. Sie sorgen daf\u00fcr, dass Fragen der Mitglieder schnellstm\u00f6glich beantwortet werden und geben W\u00fcnsche und Anregungen umgehend an die zust\u00e4ndige Stelle weiter. Die [&hellip;]<\/p>\n","protected":false},"author":4,"featured_media":0,"parent":0,"menu_order":0,"comment_status":"closed","ping_status":"closed","template":"","meta":{"footnotes":""},"class_list":["post-2434","page","type-page","status-publish","hentry"],"_links":{"self":[{"href":"https:\/\/www.btue.de\/index.php?rest_route=\/wp\/v2\/pages\/2434","targetHints":{"allow":["GET"]}}],"collection":[{"href":"https:\/\/www.btue.de\/index.php?rest_route=\/wp\/v2\/pages"}],"about":[{"href":"https:\/\/www.btue.de\/index.php?rest_route=\/wp\/v2\/types\/page"}],"author":[{"embeddable":true,"href":"https:\/\/www.btue.de\/index.php?rest_route=\/wp\/v2\/users\/4"}],"replies":[{"embeddable":true,"href":"https:\/\/www.btue.de\/index.php?rest_route=%2Fwp%2Fv2%2Fcomments&post=2434"}],"version-history":[{"count":8,"href":"https:\/\/www.btue.de\/index.php?rest_route=\/wp\/v2\/pages\/2434\/revisions"}],"predecessor-version":[{"id":2831,"href":"https:\/\/www.btue.de\/index.php?rest_route=\/wp\/v2\/pages\/2434\/revisions\/2831"}],"wp:attachment":[{"href":"https:\/\/www.btue.de\/index.php?rest_route=%2Fwp%2Fv2%2Fmedia&parent=2434"}],"curies":[{"name":"wp","href":"https:\/\/api.w.org\/{rel}","templated":true}]}}