{"id":3149,"date":"2025-09-26T15:30:15","date_gmt":"2025-09-26T14:30:15","guid":{"rendered":"https:\/\/www.btue.de\/?page_id=3149"},"modified":"2025-10-24T15:02:25","modified_gmt":"2025-10-24T14:02:25","slug":"erklaervideos-wissen-teilen-und-inspirieren","status":"publish","type":"page","link":"https:\/\/www.btue.de\/?page_id=3149","title":{"rendered":"Erkl\u00e4rvideos: <BR>Wissen teilen und inspirieren"},"content":{"rendered":"<p>In einer digitalen \u00c4ra, in der Informationen in H\u00fclle und F\u00fclle verf\u00fcgbar sind, bieten Erkl\u00e4rvideos eine einzigartige M\u00f6glichkeit, Wissen auf eine einfache und ansprechende Weise zu vermitteln. In diesem Artikel pr\u00e4sentieren wir unser eigenen Erkl\u00e4rvideos, um euch verschiedene Themen leicht verst\u00e4ndlich und unterhaltsam zeigen zu k\u00f6nnen.<\/p>\n<p>Schaut euch unsere Videos an und taucht ein in die Welt des Wissens!<br \/>\nBei R\u00fcckfragen, Anregungen oder Kritik stehen wir nat\u00fcrlich gerne unter <a href=\"mailto:Redaktion@btue.de\">Redaktion@btue.de<\/a> zur Verf\u00fcgung, auch wenn ihr zu bestimmten Themen ein Video sehen wollt. Weitere sind schon in Vorbereitung.<\/p>\n<p>Hinweis:<br \/>\nAlle Videos sind in HD, haben die Gr\u00f6\u00dfe so um die 11 MB und dauern in der Regel so um die 3 &#8211; 4 min.<\/p>\n<p><strong>Doch jetzt viel Spa\u00df beim Ansehen.<\/strong><\/p>\n<p><a href=\"https:\/\/www.btue.de\/wp-content\/uploads\/2025\/03\/Was-macht-eigentlich-eine-Gewerkschaft.mp4\" target=\"_blank\" rel=\"noopener\">Was macht eigentlich eine Gewerkschaft?<\/a> (11 MB, 3:42 min)<\/p>\n<p><a href=\"https:\/\/www.btue.de\/wp-content\/uploads\/2025\/03\/Betriebsrat-wieso-weshalb-warum.mp4\" target=\"_blank\" rel=\"noopener\">Betriebsrat &#8211; wieso, weshalb, warum?<\/a> (11 MB, 3:47 min)<\/p>\n<p><a href=\"https:\/\/www.btue.de\/wp-content\/uploads\/2025\/03\/btue-Tarifkommission-wieso-weshalb-warum.mp4\" target=\"_blank\" rel=\"noopener\">bt\u00fc-Tarifkommission &#8211; wieso, weshalb, warum?<\/a> (10 MB, 3:08 min)<\/p>\n<p><a href=\"https:\/\/www.btue.de\/wp-content\/uploads\/2025\/03\/btue-Frauennetzwerk-wieso-weshalb-warum.mp4\" target=\"_blank\" rel=\"noopener\">bt\u00fc-Frauennetzwerk &#8211; wieso, weshalb, warum?<\/a> (7 MB, 2:26 min)<\/p>\n<p><a href=\"https:\/\/www.btue.de\/wp-content\/uploads\/2025\/03\/Jugendvertretung-der-Gewerkschaft-BTB-Bund-wieso-weshalb-warum.mp4\" target=\"_blank\" rel=\"noopener\">Jugendvertretung der Gewerkschaft BTB-Bund &#8211; wieso, weshalb, warum?<\/a> (10 MB, 3:41 min)<\/p>\n<p><a href=\"https:\/\/www.btue.de\/wp-content\/uploads\/2025\/03\/BTB-Seniorenvertretung-wieso-weshalb-warum.mp4\" target=\"_blank\" rel=\"noopener\">BTB-Seniorenvertretung &#8211; wieso, weshalb, warum?<\/a> (10 MB, 4:20 min)<\/p>\n<p><a href=\"https:\/\/www.btue.de\/wp-content\/uploads\/2025\/03\/btue-Rechtsschutz.mp4\" target=\"_blank\" rel=\"noopener\">bt\u00fc &#8211; Rechtsschutz<\/a> (8 MB, 3:13 min)<\/p>\n<p><a href=\"https:\/\/www.btue.de\/?attachment_id=3402\">Delegierte in der bt\u00fc<\/a> (26 MB, 2:58 min) <strong><em>neu<\/em><\/strong><\/p>\n","protected":false},"excerpt":{"rendered":"<p>In einer digitalen \u00c4ra, in der Informationen in H\u00fclle und F\u00fclle verf\u00fcgbar sind, bieten Erkl\u00e4rvideos eine einzigartige M\u00f6glichkeit, Wissen auf eine einfache und ansprechende Weise zu vermitteln. In diesem Artikel pr\u00e4sentieren wir unser eigenen Erkl\u00e4rvideos, um euch verschiedene Themen leicht verst\u00e4ndlich und unterhaltsam zeigen zu k\u00f6nnen. Schaut euch unsere Videos an und taucht ein in [&hellip;]<\/p>\n","protected":false},"author":4,"featured_media":0,"parent":95,"menu_order":0,"comment_status":"closed","ping_status":"closed","template":"","meta":{"footnotes":""},"class_list":["post-3149","page","type-page","status-publish","hentry"],"_links":{"self":[{"href":"https:\/\/www.btue.de\/index.php?rest_route=\/wp\/v2\/pages\/3149","targetHints":{"allow":["GET"]}}],"collection":[{"href":"https:\/\/www.btue.de\/index.php?rest_route=\/wp\/v2\/pages"}],"about":[{"href":"https:\/\/www.btue.de\/index.php?rest_route=\/wp\/v2\/types\/page"}],"author":[{"embeddable":true,"href":"https:\/\/www.btue.de\/index.php?rest_route=\/wp\/v2\/users\/4"}],"replies":[{"embeddable":true,"href":"https:\/\/www.btue.de\/index.php?rest_route=%2Fwp%2Fv2%2Fcomments&post=3149"}],"version-history":[{"count":13,"href":"https:\/\/www.btue.de\/index.php?rest_route=\/wp\/v2\/pages\/3149\/revisions"}],"predecessor-version":[{"id":3421,"href":"https:\/\/www.btue.de\/index.php?rest_route=\/wp\/v2\/pages\/3149\/revisions\/3421"}],"up":[{"embeddable":true,"href":"https:\/\/www.btue.de\/index.php?rest_route=\/wp\/v2\/pages\/95"}],"wp:attachment":[{"href":"https:\/\/www.btue.de\/index.php?rest_route=%2Fwp%2Fv2%2Fmedia&parent=3149"}],"curies":[{"name":"wp","href":"https:\/\/api.w.org\/{rel}","templated":true}]}}