{"id":3348,"date":"2026-04-12T06:00:48","date_gmt":"2026-04-12T05:00:48","guid":{"rendered":"https:\/\/www.btue.de\/?page_id=3348"},"modified":"2026-04-12T06:55:12","modified_gmt":"2026-04-12T05:55:12","slug":"zusammenarbeit-mit-btb-bbb-dbb","status":"publish","type":"page","link":"https:\/\/www.btue.de\/?page_id=3348","title":{"rendered":"Zusammenarbeit der <i>bt\u00fc<\/i> mit der BTB, BBB, dbb"},"content":{"rendered":"<h2><strong>Die Entwicklung zur Gewerkschaft \u2013 unser Weg und die Zusammenarbeit mit der BTB<\/strong><\/h2>\n<h2><strong>\u00dcber 50 Jahre <\/strong><strong><em>bt\u00fc<\/em><\/strong><strong> \u2013 ein Meilenstein f\u00fcr die Zukunft<\/strong><\/h2>\n<p>Im Herbst 2023 durfte die <strong><em>bt\u00fc<\/em><\/strong> ein doppeltes Jubil\u00e4um feiern: 50 Jahre erfolgreiche Arbeit <strong>und<\/strong> die offizielle Anerkennung als Gewerkschaft. Dieser Erfolg war kein Zufall und schon gar nicht \u00fcber Nacht erreicht \u2013 der Weg dahin war lang, anspruchsvoll und voller Lernmomente.<\/p>\n<p><span style=\"color: #00ffff;\"><strong>Der Weg zur Anerkennung<\/strong><\/span><br \/>\nMehrere Jahre zuvor hatten wir beschlossen, den Schritt zur Gewerkschaft zu gehen. Ohne Handbuch, aber mit einer klaren Vision, begannen wir die Planung:<\/p>\n<ul>\n<li><strong>Rechtliche Beratung<\/strong> und intensive Gespr\u00e4che<\/li>\n<li><strong>Anpassung der Satzung<\/strong> mit zahlreichen Beschl\u00fcssen<\/li>\n<li><strong>Ordnungsgem\u00e4\u00dfe Best\u00e4tigung<\/strong> aller Entscheidungen auf Delegiertentagen<\/li>\n<li><strong>Schritt-f\u00fcr-Schritt-Vorgehen<\/strong> trotz mancher R\u00fcckschl\u00e4ge<\/li>\n<\/ul>\n<p>Nicht jeder Weg f\u00fchrte ans Ziel, doch aus jedem Umweg entstand wertvolles Wissen. Die rechtliche Unterst\u00fctzung half auch Nicht-Juristen, den \u00dcberblick zu behalten. Als wir 2023 schlie\u00dflich den passenden L\u00f6sungsweg fanden, stand fest: Geduld und Ausdauer haben sich gelohnt.<\/p>\n<h4><span style=\"color: #00ffff;\"><strong>Gemeinsam stark: <\/strong><strong><em>bt\u00fc <\/em><\/strong><strong>im BTB<\/strong><\/span><br \/>\nIm Zuge der Anerkennung als Gewerkschaft trat die <strong><em>bt\u00fc<\/em><\/strong> der <strong>BTB \u2013 Gewerkschaft Technik und Naturwissenschaft<\/strong> im <strong>dbb Beamtenbund und Tarifunion<\/strong> bei.<\/h4>\n<p>Die BTB ist die Gewerkschaft der Besch\u00e4ftigten in technischen und naturwissenschaftlichen Verwaltungen und in privatwirtschaftlichen Unternehmen mit mittelbaren und unmittelbaren hoheitlichen Aufgaben.<br \/>\nUnsere Mitglieder \u2013 darunter viele von <strong>T\u00dcV S\u00dcD<\/strong> \u2013 passen perfekt zu diesem Profil. Ergebnis: Eine <strong>Win-Win-Situation<\/strong> \u2013 die <strong><em>bt\u00fc<\/em><\/strong> hat ihre gewerkschaftliche Heimat gefunden und st\u00e4rkt zugleich den BTB unter dem Dach des dbb Beamtenbund und Tarifunion.<\/p>\n<p><span style=\"color: #00ffff;\"><strong>Zus\u00e4tzliche Vorteile f\u00fcr unsere Mitglieder<\/strong><\/span><br \/>\nSowohl die <strong><em>bt\u00fc<\/em><\/strong> als auch der BTB sind im <strong>dbb Beamtenbund und Tarifunion<\/strong> organisiert. Zus\u00e4tzlich ist die <strong><em>bt\u00fc<\/em><\/strong> Mitglied im <strong>Bayerischen Beamtenbund (BBB)<\/strong>.<br \/>\nDiese Organisationsstruktur ist erforderlich, damit unsere Mitglieder von folgenden Vorteilen profitieren k\u00f6nnen:<\/p>\n<ul>\n<li>Umfassender <strong>Rechtsschutz<\/strong> durch erfahrene Anw\u00e4lte<\/li>\n<li>Attraktive <strong>Versicherungsleistungen<\/strong><\/li>\n<li>Zahlreiche <strong>Rabatte und Verg\u00fcnstigungen<\/strong> \u2013 siehe <em>dbb Vorteilswelt<\/em><\/li>\n<\/ul>\n","protected":false},"excerpt":{"rendered":"<p>Die Entwicklung zur Gewerkschaft \u2013 unser Weg und die Zusammenarbeit mit der BTB \u00dcber 50 Jahre bt\u00fc \u2013 ein Meilenstein f\u00fcr die Zukunft Im Herbst 2023 durfte die bt\u00fc ein doppeltes Jubil\u00e4um feiern: 50 Jahre erfolgreiche Arbeit und die offizielle Anerkennung als Gewerkschaft. Dieser Erfolg war kein Zufall und schon gar nicht \u00fcber Nacht erreicht [&hellip;]<\/p>\n","protected":false},"author":7,"featured_media":0,"parent":0,"menu_order":0,"comment_status":"closed","ping_status":"closed","template":"","meta":{"footnotes":""},"class_list":["post-3348","page","type-page","status-publish","hentry"],"_links":{"self":[{"href":"https:\/\/www.btue.de\/index.php?rest_route=\/wp\/v2\/pages\/3348","targetHints":{"allow":["GET"]}}],"collection":[{"href":"https:\/\/www.btue.de\/index.php?rest_route=\/wp\/v2\/pages"}],"about":[{"href":"https:\/\/www.btue.de\/index.php?rest_route=\/wp\/v2\/types\/page"}],"author":[{"embeddable":true,"href":"https:\/\/www.btue.de\/index.php?rest_route=\/wp\/v2\/users\/7"}],"replies":[{"embeddable":true,"href":"https:\/\/www.btue.de\/index.php?rest_route=%2Fwp%2Fv2%2Fcomments&post=3348"}],"version-history":[{"count":10,"href":"https:\/\/www.btue.de\/index.php?rest_route=\/wp\/v2\/pages\/3348\/revisions"}],"predecessor-version":[{"id":3500,"href":"https:\/\/www.btue.de\/index.php?rest_route=\/wp\/v2\/pages\/3348\/revisions\/3500"}],"wp:attachment":[{"href":"https:\/\/www.btue.de\/index.php?rest_route=%2Fwp%2Fv2%2Fmedia&parent=3348"}],"curies":[{"name":"wp","href":"https:\/\/api.w.org\/{rel}","templated":true}]}}