{"id":3461,"date":"2026-02-02T12:27:06","date_gmt":"2026-02-02T11:27:06","guid":{"rendered":"https:\/\/www.btue.de\/?page_id=3461"},"modified":"2026-02-03T07:25:01","modified_gmt":"2026-02-03T06:25:01","slug":"kontakt","status":"publish","type":"page","link":"https:\/\/www.btue.de\/?page_id=3461","title":{"rendered":"Kontakt"},"content":{"rendered":"<div class=\"article-header\">\n<h4>Wir sind f\u00fcr Sie unter folgenden Gesch\u00e4ftsstellen erreichbar:<\/h4>\n<\/div>\n<p style=\"padding-left: 40px;\"><strong><em>bt\u00fc<\/em><\/strong>\u00a0\u2013\u00a0<strong><em>b<\/em><\/strong>esch\u00e4ftigte in der\u00a0<strong><em>t<\/em><\/strong>echnischen\u00a0<strong><em>\u00fc<\/em><\/strong>berwachung<br \/>\nAm Zeilbaum 2<br \/>\n86510 Ried<br \/>\nTelefon: 01520 \/ 67 00 403<br \/>\nE-Mail:\u00a0<a href=\"mailto:post@btue.de\">post@btue.de<\/a><br \/>\nGesch\u00e4ftszeiten: Dienstag und Donnerstag von 8.00 bis 12.00 Uhr<\/p>\n<p>&nbsp;<\/p>\n<p style=\"padding-left: 40px;\"><strong><em>bt\u00fc<\/em><\/strong>\u00a0\u2013\u00a0<strong><em>b<\/em><\/strong>esch\u00e4ftigte in der\u00a0<strong><em>t<\/em><\/strong>echnischen\u00a0<strong><em>\u00fc<\/em><\/strong>berwachung<br \/>\nNarzissenweg 12<br \/>\n93080 Pentling<br \/>\nTelefon: 01520 \/ 67 00 403<br \/>\nE-Mail:\u00a0<a href=\"mailto:post@btue.de\">post@btue.de<\/a><\/p>\n<p>&nbsp;<\/p>\n<p style=\"padding-left: 40px;\">BTB &#8211; Gewerkschaft Technik und Naturwissenschaft im dbb &#8211; beamtenbund und tarifunion<br \/>\nFriedrichstra\u00dfe 169<br \/>\n10117 Berlin<br \/>\nTelefon: 030 \/ 65 700 102 oder 030 \/ 138 90 940<br \/>\nE-Mail: <a href=\"mailto:info@btb-online.org\">info@btb-online.org<\/a><br \/>\nGesch\u00e4ftszeiten: werktags von 9.00 bis 12.00 Uhr<\/p>\n<p>&nbsp;<\/p>\n","protected":false},"excerpt":{"rendered":"<p>Wir sind f\u00fcr Sie unter folgenden Gesch\u00e4ftsstellen erreichbar: bt\u00fc\u00a0\u2013\u00a0besch\u00e4ftigte in der\u00a0technischen\u00a0\u00fcberwachung Am Zeilbaum 2 86510 Ried Telefon: 01520 \/ 67 00 403 E-Mail:\u00a0post@btue.de Gesch\u00e4ftszeiten: Dienstag und Donnerstag von 8.00 bis 12.00 Uhr &nbsp; bt\u00fc\u00a0\u2013\u00a0besch\u00e4ftigte in der\u00a0technischen\u00a0\u00fcberwachung Narzissenweg 12 93080 Pentling Telefon: 01520 \/ 67 00 403 E-Mail:\u00a0post@btue.de &nbsp; BTB &#8211; Gewerkschaft Technik und Naturwissenschaft im [&hellip;]<\/p>\n","protected":false},"author":4,"featured_media":0,"parent":0,"menu_order":0,"comment_status":"closed","ping_status":"closed","template":"","meta":{"footnotes":""},"class_list":["post-3461","page","type-page","status-publish","hentry"],"_links":{"self":[{"href":"https:\/\/www.btue.de\/index.php?rest_route=\/wp\/v2\/pages\/3461","targetHints":{"allow":["GET"]}}],"collection":[{"href":"https:\/\/www.btue.de\/index.php?rest_route=\/wp\/v2\/pages"}],"about":[{"href":"https:\/\/www.btue.de\/index.php?rest_route=\/wp\/v2\/types\/page"}],"author":[{"embeddable":true,"href":"https:\/\/www.btue.de\/index.php?rest_route=\/wp\/v2\/users\/4"}],"replies":[{"embeddable":true,"href":"https:\/\/www.btue.de\/index.php?rest_route=%2Fwp%2Fv2%2Fcomments&post=3461"}],"version-history":[{"count":4,"href":"https:\/\/www.btue.de\/index.php?rest_route=\/wp\/v2\/pages\/3461\/revisions"}],"predecessor-version":[{"id":3473,"href":"https:\/\/www.btue.de\/index.php?rest_route=\/wp\/v2\/pages\/3461\/revisions\/3473"}],"wp:attachment":[{"href":"https:\/\/www.btue.de\/index.php?rest_route=%2Fwp%2Fv2%2Fmedia&parent=3461"}],"curies":[{"name":"wp","href":"https:\/\/api.w.org\/{rel}","templated":true}]}}