{"id":436,"date":"2026-02-03T07:00:41","date_gmt":"2026-02-03T06:00:41","guid":{"rendered":"http:\/\/www.btue.de\/Wordpress\/?page_id=436"},"modified":"2026-02-03T07:31:22","modified_gmt":"2026-02-03T06:31:22","slug":"mitgliedschaft-2","status":"publish","type":"page","link":"https:\/\/www.btue.de\/?page_id=436","title":{"rendered":"Mitgliedschaft"},"content":{"rendered":"<h3>Ich will Mitglied werden oder eine \u00c4nderung meiner Mitgliedsdaten mitteilen!<\/h3>\n<p>Dazu gibt es\u00a0mehrere Wege:<\/p>\n<ul>\n<li style=\"list-style-type: none;\">\n<ul>\n<li>Per E-Mail: Die <strong><em>bt\u00fc<\/em><\/strong>-Gesch\u00e4ftsstelle erreichen Sie <a href=\"mailto:post@btue.de\">hier<\/a><\/li>\n<li>Per Post:\u00a0die<strong><em> bt\u00fc<\/em><\/strong>-Post-Adresse ist\u00a0<a title=\"Impressum\" href=\"https:\/\/www.btue.de\/?page_id=3461\">hier<\/a><\/li>\n<\/ul>\n<\/li>\n<\/ul>\n<p>&nbsp;<\/p>\n<p>Download der <a href=\"https:\/\/www.btue.de\/wp-content\/uploads\/2023\/06\/btue_Beitrittsformular.pdf\">bt\u00fc_Beitrittserkl\u00e4rung\/\u00c4nderungsmitteilung<\/a>\u00a0(<img loading=\"lazy\" decoding=\"async\" class=\"\" src=\"https:\/\/th.bing.com\/th?id=ODLS.3a593f6c-67ec-4262-bc39-8c06dd9d7f88&amp;w=32&amp;h=32&amp;qlt=90&amp;pcl=fffffa&amp;o=6&amp;pid=1.2\" alt=\"Symbol f\u00fcr globales Web\" width=\"12\" height=\"12\" \/> 94 kB)<\/p>\n<p><em>Hinweis: Der Antrag kann am PC ausgef\u00fcllt und anschlie\u00dfend ausgedruckt werden.<\/em><\/p>\n<hr \/>\n<h3>10 Argumente f\u00fcr die <strong><em>bt\u00fc<\/em><\/strong>-Mitgliedschaft:<\/h3>\n<table style=\"border-collapse: collapse; width: 100.089%; height: 276px;\">\n<tbody>\n<tr>\n<td style=\"width: 48.1333%;\"><span style=\"font-size: 10pt;\"># Du stehst bei uns im Mittelpunkt<\/span><br \/>\n<span style=\"font-size: 10pt;\"># Wir st\u00e4rken deine Verhandlungsposition<\/span><br \/>\n<span style=\"font-size: 10pt;\"># Wir beraten dich<\/span><br \/>\n<span style=\"font-size: 10pt;\"># Wir verbessern deine Arbeitsbedingungen<\/span><br \/>\n<span style=\"font-size: 10pt;\"># Wir k\u00e4mpfen f\u00fcr gute Tarifvertr\u00e4ge<\/span><br \/>\n<span style=\"font-size: 10pt;\"># Wir bek\u00e4mpfen Diskriminierung<\/span><br \/>\n<span style=\"font-size: 10pt;\"># Wir schaffen Gemeinschaft<\/span><br \/>\n<span style=\"font-size: 10pt;\"># Wir sichern deine Rechte mit inkludiertem Rechtsschutz<\/span><br \/>\n<span style=\"font-size: 10pt;\"># Wir gestalten die Gesellschaft mit dir<\/span><br \/>\n<span style=\"font-size: 10pt;\"># Du erh\u00e4ltst exklusive Leistungen \u00fcber die dbb-Vorteilswelt<\/span><\/td>\n<td style=\"width: 51.8667%;\"><a href=\"https:\/\/www.btue.de\/wp-content\/uploads\/2025\/02\/btue_schiff.jpg\"><img loading=\"lazy\" decoding=\"async\" class=\"aligncenter wp-image-3144\" src=\"https:\/\/www.btue.de\/wp-content\/uploads\/2025\/02\/btue_schiff-300x211.jpg\" alt=\"\" width=\"376\" height=\"264\" srcset=\"https:\/\/www.btue.de\/wp-content\/uploads\/2025\/02\/btue_schiff-300x211.jpg 300w, https:\/\/www.btue.de\/wp-content\/uploads\/2025\/02\/btue_schiff-150x106.jpg 150w, https:\/\/www.btue.de\/wp-content\/uploads\/2025\/02\/btue_schiff.jpg 564w\" sizes=\"auto, (max-width: 376px) 100vw, 376px\" \/><\/a><\/td>\n<\/tr>\n<\/tbody>\n<\/table>\n<p>Neue Aktion: <a href=\"https:\/\/www.btue.de\/wp-content\/uploads\/2025\/02\/Flyer_A5_Mitgliederwerbung.pdf\" target=\"_blank\" rel=\"noopener\"><strong><em>bt\u00fc-<\/em><\/strong>Mitglieder werben Neumitglieder<\/a><\/p>\n<p style=\"padding-left: 80px;\">Deine Chance auf Wunschgutscheine in H\u00f6he von 15,00 \u20ac pro geworbenes Neumitglied<\/p>\n<p style=\"padding-left: 80px;\">So einfach geht\u2019s:<\/p>\n<p style=\"padding-left: 120px;\">1. \u00dcberzeuge ein \u201eNicht\u201c-Mitglied von den Vorteilen einer bt\u00fc-Mitgliedschaft.<br \/>\n2. Stelle sicher, dass das Neumitglied deinen Namen als Werber im Anmeldeformular angibt.<br \/>\n3. Deinen Wunschgutschein erh\u00e4ltst Du automatisch.<\/p>\n<hr \/>\n<p>Mitgliedsbeitr\u00e4ge:<\/p>\n<p><a href=\"https:\/\/www.btue.de\/wp-content\/uploads\/2025\/07\/Beitraege_ab_20240101.jpg\"><img loading=\"lazy\" decoding=\"async\" class=\"aligncenter size-full wp-image-3341\" src=\"https:\/\/www.btue.de\/wp-content\/uploads\/2025\/07\/Beitraege_ab_20240101.jpg\" alt=\"\" width=\"505\" height=\"238\" srcset=\"https:\/\/www.btue.de\/wp-content\/uploads\/2025\/07\/Beitraege_ab_20240101.jpg 505w, https:\/\/www.btue.de\/wp-content\/uploads\/2025\/07\/Beitraege_ab_20240101-300x141.jpg 300w, https:\/\/www.btue.de\/wp-content\/uploads\/2025\/07\/Beitraege_ab_20240101-150x71.jpg 150w\" sizes=\"auto, (max-width: 505px) 100vw, 505px\" \/><\/a><\/p>\n<p>&nbsp;<\/p>\n<p>Jedes neue Mitglied erh\u00e4lt einen Wertgutschein \u00fcber EUR 40,00 als\u00a0 Willkommensgeschenk.<\/p>\n<p>Unsere Ansprechpartner finden Sie unter\u00a0<a href=\"https:\/\/www.btue.de\/?page_id=89\">Vorstand und Delegierte<\/a><\/p>\n<p>&nbsp;<\/p>\n","protected":false},"excerpt":{"rendered":"<p>Ich will Mitglied werden oder eine \u00c4nderung meiner Mitgliedsdaten mitteilen! Dazu gibt es\u00a0mehrere Wege: Per E-Mail: Die bt\u00fc-Gesch\u00e4ftsstelle erreichen Sie hier Per Post:\u00a0die bt\u00fc-Post-Adresse ist\u00a0hier &nbsp; Download der bt\u00fc_Beitrittserkl\u00e4rung\/\u00c4nderungsmitteilung\u00a0( 94 kB) Hinweis: Der Antrag kann am PC ausgef\u00fcllt und anschlie\u00dfend ausgedruckt werden. 10 Argumente f\u00fcr die bt\u00fc-Mitgliedschaft: # Du stehst bei uns im Mittelpunkt # [&hellip;]<\/p>\n","protected":false},"author":4,"featured_media":0,"parent":0,"menu_order":0,"comment_status":"closed","ping_status":"closed","template":"","meta":{"footnotes":""},"class_list":["post-436","page","type-page","status-publish","hentry"],"_links":{"self":[{"href":"https:\/\/www.btue.de\/index.php?rest_route=\/wp\/v2\/pages\/436","targetHints":{"allow":["GET"]}}],"collection":[{"href":"https:\/\/www.btue.de\/index.php?rest_route=\/wp\/v2\/pages"}],"about":[{"href":"https:\/\/www.btue.de\/index.php?rest_route=\/wp\/v2\/types\/page"}],"author":[{"embeddable":true,"href":"https:\/\/www.btue.de\/index.php?rest_route=\/wp\/v2\/users\/4"}],"replies":[{"embeddable":true,"href":"https:\/\/www.btue.de\/index.php?rest_route=%2Fwp%2Fv2%2Fcomments&post=436"}],"version-history":[{"count":56,"href":"https:\/\/www.btue.de\/index.php?rest_route=\/wp\/v2\/pages\/436\/revisions"}],"predecessor-version":[{"id":3476,"href":"https:\/\/www.btue.de\/index.php?rest_route=\/wp\/v2\/pages\/436\/revisions\/3476"}],"wp:attachment":[{"href":"https:\/\/www.btue.de\/index.php?rest_route=%2Fwp%2Fv2%2Fmedia&parent=436"}],"curies":[{"name":"wp","href":"https:\/\/api.w.org\/{rel}","templated":true}]}}