{"id":49,"date":"2026-02-03T07:00:26","date_gmt":"2026-02-03T06:00:26","guid":{"rendered":"http:\/\/www.btue.de\/Wordpress\/?page_id=49"},"modified":"2026-02-03T07:32:45","modified_gmt":"2026-02-03T06:32:45","slug":"impressum","status":"publish","type":"page","link":"https:\/\/www.btue.de\/?page_id=49","title":{"rendered":"Impressum"},"content":{"rendered":"<h3><strong>Verantwortlich:<\/strong><\/h3>\n<p><strong><em>bt\u00fc<\/em><\/strong> &#8211; <span style=\"font-size: x-large;\"><strong><em>b<\/em><\/strong><\/span>esch\u00e4ftigte in der <span style=\"font-size: x-large;\"><strong><em>t<\/em><\/strong><\/span>echnischen <span style=\"font-size: x-large;\"><strong><em>\u00fc<\/em><\/strong><\/span>berwachung<br \/>\nWestendstrasse 199<br \/>\n80686 M\u00fcnchen<\/p>\n<p>Telefon: 01520 \/ 67 00 403<br \/>\nE-Mail: <a href=\"mailto:post@btue.de\">post@btue.de<\/a><\/p>\n<h3><strong>Vertretungsberechtigter Vorstand:<\/strong><\/h3>\n<p>Marcel Rath (Vorsitzender)<br \/>\nElmar Bauer (1. Stellvertreter)<br \/>\nAndreas Gl\u00fcck (2. Stellvertreter)<\/p>\n<p>&nbsp;<\/p>\n<p>Webmaster:<\/p>\n<p>Mail: <a href=\"mailto:webmaster@btue.de\">webmaster@btue.de<\/a><\/p>\n<h3>Disclaimer:<\/h3>\n<p><span style=\"font-size: small;\"><em>S\u00e4mtliche Rechte an den Inhalten dieser Seiten sind vorbehalten. Jede Weiterverbreitung (auch auszugsweise) der Inhalte dieser Seiten oder vorangegangener Ver\u00f6ffentlichungen ist vorbehaltlich ausdr\u00fccklicher Genehmigung durch den Verfasser untersagt. Die Inhalte der auf anderen Servern liegenden Seiten unterliegen allein der Verantwortlichkeit ihrer Urheber.<\/em><\/span><\/p>\n<p><span style=\"font-size: small;\"><em>Das Landgericht Hamburg hat mit Urteil vom 12.05.1998 entschieden, dass man durch die Ausbringung eines Links die Inhalte der gelinkten Seite ggf. mit zu verantworten hat. Dies kann &#8211; so das LG &#8211; nur dadurch verhindert werden, dass man sich ausdr\u00fccklich von diesen Inhalten distanziert. Die bt\u00fc bietet auf ihrer Website Links zu anderen Seiten im Internet an. F\u00fcr alle diese Links gilt: Die <strong>bt\u00fc<\/strong> und der Webmaster betonen, dass sie keinerlei Einfluss auf die Gestaltung und die Inhalte der gelinkten Seiten haben. Deshalb distanzieren wir uns hiermit ausdr\u00fccklich von den Inhalten der gelinkten Seiten auf der gesamten bt\u00fc-Webseite inklusive aller Unterseiten. Diese Erkl\u00e4rung gilt f\u00fcr alle auf dieser Website angebrachten Links und f\u00fcr alle Inhalte der Seiten, zu denen Links oder Banner der bt\u00fc f\u00fchren.<\/em><\/span><\/p>\n","protected":false},"excerpt":{"rendered":"<p>Verantwortlich: bt\u00fc &#8211; besch\u00e4ftigte in der technischen \u00fcberwachung Westendstrasse 199 80686 M\u00fcnchen Telefon: 01520 \/ 67 00 403 E-Mail: post@btue.de Vertretungsberechtigter Vorstand: Marcel Rath (Vorsitzender) Elmar Bauer (1. Stellvertreter) Andreas Gl\u00fcck (2. Stellvertreter) &nbsp; Webmaster: Mail: webmaster@btue.de Disclaimer: S\u00e4mtliche Rechte an den Inhalten dieser Seiten sind vorbehalten. Jede Weiterverbreitung (auch auszugsweise) der Inhalte dieser Seiten [&hellip;]<\/p>\n","protected":false},"author":1,"featured_media":0,"parent":0,"menu_order":0,"comment_status":"closed","ping_status":"closed","template":"","meta":{"footnotes":""},"class_list":["post-49","page","type-page","status-publish","hentry"],"_links":{"self":[{"href":"https:\/\/www.btue.de\/index.php?rest_route=\/wp\/v2\/pages\/49","targetHints":{"allow":["GET"]}}],"collection":[{"href":"https:\/\/www.btue.de\/index.php?rest_route=\/wp\/v2\/pages"}],"about":[{"href":"https:\/\/www.btue.de\/index.php?rest_route=\/wp\/v2\/types\/page"}],"author":[{"embeddable":true,"href":"https:\/\/www.btue.de\/index.php?rest_route=\/wp\/v2\/users\/1"}],"replies":[{"embeddable":true,"href":"https:\/\/www.btue.de\/index.php?rest_route=%2Fwp%2Fv2%2Fcomments&post=49"}],"version-history":[{"count":35,"href":"https:\/\/www.btue.de\/index.php?rest_route=\/wp\/v2\/pages\/49\/revisions"}],"predecessor-version":[{"id":3478,"href":"https:\/\/www.btue.de\/index.php?rest_route=\/wp\/v2\/pages\/49\/revisions\/3478"}],"wp:attachment":[{"href":"https:\/\/www.btue.de\/index.php?rest_route=%2Fwp%2Fv2%2Fmedia&parent=49"}],"curies":[{"name":"wp","href":"https:\/\/api.w.org\/{rel}","templated":true}]}}