{"id":599,"date":"2024-04-01T08:00:16","date_gmt":"2024-04-01T07:00:16","guid":{"rendered":"http:\/\/www.btue.de\/Wordpress\/?page_id=599"},"modified":"2024-04-04T14:27:16","modified_gmt":"2024-04-04T13:27:16","slug":"599-2","status":"publish","type":"page","link":"https:\/\/www.btue.de\/?page_id=599","title":{"rendered":"Gru\u00dfwort"},"content":{"rendered":"<p>Liebe Kollegin, lieber Kollege,<\/p>\n<p>immer wieder wird von den Arbeitgeberorganisationen die Notwendigkeit der Arbeitnehmervertretung in Frage gestellt. Lassen Sie sich davon nicht beirren. Gerade in Zeiten st\u00e4ndiger Rekordgewinne bei den gleichzeitigen Bestrebungen das Personal und die sozialen Errungenschaften abzubauen, sind starke Arbeitnehmerorganisationen n\u00f6tiger denn je.<\/p>\n<p>Ob Sie sich in einer gro\u00dfen Gewerkschaft oder lieber doch in einer auf das Unternehmen zugeschnittenen Interessenvertretung &#8211; wie der Vereinigung der <strong><em>b<\/em><\/strong>esch\u00e4ftigten in der <strong><em>t<\/em><\/strong>echnischen <strong><em>\u00fc<\/em><\/strong>berwachung, <strong><em>bt\u00fc<\/em><\/strong> &#8211; organisieren wollen, m\u00fcssen Sie selbst entscheiden. Organisieren sollten Sie sich auf jeden Fall, denn nur eine Arbeitnehmervertretung mit hohem Organisationsgrad kann Sie auch entsprechend nachdr\u00fccklich vertreten. Im \u00dcbrigen hat die <strong><em>bt\u00fc<\/em><\/strong> als Interessensvertretung im T\u00dcV-S\u00dcD Konzern Gewicht.<\/p>\n<p>Um Ihnen Ihre Entscheidung zu erleichtern, m\u00f6chten wir Sie mit unserem Internetauftritt und unseren Informationsschriften \u00fcber die <strong><em>bt\u00fc<\/em><\/strong> selbst, ihre Ziele und Leistungen informieren.<\/p>\n<p>Finden Sie in unseren Ausf\u00fchrungen Ihre Ideen und Vorstellungen wieder, so sollten Sie nicht z\u00f6gern der bt\u00fc beizutreten. Entspricht es Ihrem Wesen, sich f\u00fcr die Kolleginnen und Kollegen einzusetzen, so freuen wir uns Sie als \u201eAktiven\u201c willkommen zu hei\u00dfen.<\/p>\n<p>In diesem Sinne<br \/>\nherzlichst Ihr<\/p>\n<p>J\u00f6rg Frimberger<\/p>\n<p>Ehrenvorsitzender der <strong><em>bt\u00fc<\/em><\/strong><\/p>\n","protected":false},"excerpt":{"rendered":"<p>Liebe Kollegin, lieber Kollege, immer wieder wird von den Arbeitgeberorganisationen die Notwendigkeit der Arbeitnehmervertretung in Frage gestellt. Lassen Sie sich davon nicht beirren. Gerade in Zeiten st\u00e4ndiger Rekordgewinne bei den gleichzeitigen Bestrebungen das Personal und die sozialen Errungenschaften abzubauen, sind starke Arbeitnehmerorganisationen n\u00f6tiger denn je. Ob Sie sich in einer gro\u00dfen Gewerkschaft oder lieber doch [&hellip;]<\/p>\n","protected":false},"author":1,"featured_media":0,"parent":15,"menu_order":0,"comment_status":"closed","ping_status":"closed","template":"","meta":{"footnotes":""},"class_list":["post-599","page","type-page","status-publish","hentry"],"_links":{"self":[{"href":"https:\/\/www.btue.de\/index.php?rest_route=\/wp\/v2\/pages\/599","targetHints":{"allow":["GET"]}}],"collection":[{"href":"https:\/\/www.btue.de\/index.php?rest_route=\/wp\/v2\/pages"}],"about":[{"href":"https:\/\/www.btue.de\/index.php?rest_route=\/wp\/v2\/types\/page"}],"author":[{"embeddable":true,"href":"https:\/\/www.btue.de\/index.php?rest_route=\/wp\/v2\/users\/1"}],"replies":[{"embeddable":true,"href":"https:\/\/www.btue.de\/index.php?rest_route=%2Fwp%2Fv2%2Fcomments&post=599"}],"version-history":[{"count":31,"href":"https:\/\/www.btue.de\/index.php?rest_route=\/wp\/v2\/pages\/599\/revisions"}],"predecessor-version":[{"id":2821,"href":"https:\/\/www.btue.de\/index.php?rest_route=\/wp\/v2\/pages\/599\/revisions\/2821"}],"up":[{"embeddable":true,"href":"https:\/\/www.btue.de\/index.php?rest_route=\/wp\/v2\/pages\/15"}],"wp:attachment":[{"href":"https:\/\/www.btue.de\/index.php?rest_route=%2Fwp%2Fv2%2Fmedia&parent=599"}],"curies":[{"name":"wp","href":"https:\/\/api.w.org\/{rel}","templated":true}]}}