{"id":757,"date":"2025-09-21T12:00:40","date_gmt":"2025-09-21T11:00:40","guid":{"rendered":"http:\/\/www.btue.de\/Wordpress\/?page_id=757"},"modified":"2025-09-21T17:04:14","modified_gmt":"2025-09-21T16:04:14","slug":"nachrichten","status":"publish","type":"page","link":"https:\/\/www.btue.de\/?page_id=757","title":{"rendered":"Nachrichten"},"content":{"rendered":"<h3>Besoldungstabellen:<\/h3>\n<p>Den aktuellen Stand der Besoldungstabellen kann man unter <a href=\"https:\/\/www.bbb-bayern.de\/links-downloads\/\" target=\"_blank\" rel=\"noopener\">Links &amp; Downloads &#8211; Bayerischer Beamtenbund e. V. (bbb-bayern.de)<\/a>\u00a0auf der Seite des <a href=\"https:\/\/www.bbb-bayern.de\/\" target=\"_blank\" rel=\"noopener noreferrer\">BBB<\/a> (Bayerischen Beamtenbund e.V.) nachlesen.<\/p>\n<p>!! &#8222;Blaub\u00fcchler&#8220; aufgemerkt !!<br \/>\nSeit 2012 greifen einige \u00c4nderungen im &#8222;Blauen Buch&#8220; (VBO). Genauere Informationen findet Ihr <a href=\"https:\/\/www.btue.de\/wp-content\/uploads\/2013\/03\/Info_BlauBuch.pdf\">hier<\/a>.<\/p>\n<p>&nbsp;<\/p>\n<h3>BBB-Nachrichten:<\/h3>\n<p>Unter <a href=\"https:\/\/www.bbb-bayern.de\/service\/bbb-nachrichten\/\" target=\"_blank\" rel=\"noopener\">https:\/\/www.bbb-bayern.de\/service\/bbb-nachrichten\/<\/a> sind auch die Online-Versionen der BBB Nachrichten zu finden.<\/p>\n<p>&nbsp;<\/p>\n<h3>Informationen zu sozialen Belangen und zur Altersversorgung:<\/h3>\n<ul>\n<li><strong>Wiedereingliederung<\/strong>: Eine Info des Betriebsarztes zur stufenweisen Wiedereingliederung nach Arbeitsunf\u00e4higkeit gibt es <a href=\"https:\/\/www.btue.de\/wp-content\/uploads\/2013\/07\/BA-Info_zur_Stufenweisen_Wiedereingliederung.pdf\">hier<\/a>.<\/li>\n<li><strong>Krankenversicherung<\/strong>: Informationen zum Thema Krankenversicherung gibt es <a href=\"https:\/\/www.btue.de\/wp-content\/uploads\/2013\/07\/Info_KraVers_2006-12.pdf\">hier<\/a>.<\/li>\n<li><strong>Betriebliche Altersversorgung<\/strong>: Wissenswertes zur betrieblichen Altersversorgung gibt es <a href=\"https:\/\/www.btue.de\/wp-content\/uploads\/2013\/07\/Altersversorgung2010.pdf\">hier<\/a>.<\/li>\n<li><strong>Alterseink\u00fcnftegesetz<\/strong>: Was verbirgt sich dahinter? Mehr Infos dazu gibt es <a href=\"https:\/\/www.btue.de\/wp-content\/uploads\/2013\/07\/Infoblatt0205.pdf\">hier<\/a>.<\/li>\n<li><strong>Belegschaftsunterst\u00fctzungsverein (BUV)<\/strong>: Infos zum Belegschaftsunterst\u00fctzungsverein (BUV) gibt es\u00a0<a href=\"https:\/\/www.btue.de\/wp-content\/uploads\/2013\/07\/BUV-Beih-2015.pdf\" target=\"_blank\" rel=\"noopener noreferrer\">hier<\/a>.<\/li>\n<\/ul>\n<p>&nbsp;<\/p>\n<h3>Infobl\u00e4tter:<\/h3>\n<p>Unsere Mitglieder (und solche, die es werden wollen) k\u00f6nnen bei uns noch spezielle Infobl\u00e4tter \u00fcber die betriebliche Altersversorgung beim T\u00dcV S\u00dcD (bzw. beim ehemaligen T\u00dcV Bayern) anfordern. Es gibt Infobl\u00e4tter<\/p>\n<ul>\n<li>zum &#8222;Versorgungsstatut&#8220; (Fassung 1978),<\/li>\n<li>zur &#8222;Zusatzversorgung&#8220; (Fassung 1977),<\/li>\n<li>zur &#8222;Versorgungsordnung 93&#8220; und<\/li>\n<li>zum aktuellen Tarifvertrag f\u00fcr eine betriebliche Altersversorgung (TV BAV).<\/li>\n<\/ul>\n<p>Diese Bl\u00e4tter dienen ausdr\u00fccklich nur zur Information; verbindliche Auskunft erteilt nach wie vor der Konzern-Bereich Soziales des T\u00dcV S\u00dcD.<\/p>\n","protected":false},"excerpt":{"rendered":"<p>Besoldungstabellen: Den aktuellen Stand der Besoldungstabellen kann man unter Links &amp; Downloads &#8211; Bayerischer Beamtenbund e. V. (bbb-bayern.de)\u00a0auf der Seite des BBB (Bayerischen Beamtenbund e.V.) nachlesen. !! &#8222;Blaub\u00fcchler&#8220; aufgemerkt !! Seit 2012 greifen einige \u00c4nderungen im &#8222;Blauen Buch&#8220; (VBO). Genauere Informationen findet Ihr hier. &nbsp; BBB-Nachrichten: Unter https:\/\/www.bbb-bayern.de\/service\/bbb-nachrichten\/ sind auch die Online-Versionen der BBB Nachrichten [&hellip;]<\/p>\n","protected":false},"author":4,"featured_media":0,"parent":95,"menu_order":0,"comment_status":"closed","ping_status":"closed","template":"","meta":{"footnotes":""},"class_list":["post-757","page","type-page","status-publish","hentry"],"_links":{"self":[{"href":"https:\/\/www.btue.de\/index.php?rest_route=\/wp\/v2\/pages\/757","targetHints":{"allow":["GET"]}}],"collection":[{"href":"https:\/\/www.btue.de\/index.php?rest_route=\/wp\/v2\/pages"}],"about":[{"href":"https:\/\/www.btue.de\/index.php?rest_route=\/wp\/v2\/types\/page"}],"author":[{"embeddable":true,"href":"https:\/\/www.btue.de\/index.php?rest_route=\/wp\/v2\/users\/4"}],"replies":[{"embeddable":true,"href":"https:\/\/www.btue.de\/index.php?rest_route=%2Fwp%2Fv2%2Fcomments&post=757"}],"version-history":[{"count":21,"href":"https:\/\/www.btue.de\/index.php?rest_route=\/wp\/v2\/pages\/757\/revisions"}],"predecessor-version":[{"id":3400,"href":"https:\/\/www.btue.de\/index.php?rest_route=\/wp\/v2\/pages\/757\/revisions\/3400"}],"up":[{"embeddable":true,"href":"https:\/\/www.btue.de\/index.php?rest_route=\/wp\/v2\/pages\/95"}],"wp:attachment":[{"href":"https:\/\/www.btue.de\/index.php?rest_route=%2Fwp%2Fv2%2Fmedia&parent=757"}],"curies":[{"name":"wp","href":"https:\/\/api.w.org\/{rel}","templated":true}]}}