{"id":89,"date":"2026-02-13T07:00:19","date_gmt":"2026-02-13T06:00:19","guid":{"rendered":"http:\/\/www.btue.de\/Wordpress\/?page_id=89"},"modified":"2026-02-13T12:09:31","modified_gmt":"2026-02-13T11:09:31","slug":"vorstand","status":"publish","type":"page","link":"https:\/\/www.btue.de\/?page_id=89","title":{"rendered":"Vorstand und Delegierte"},"content":{"rendered":"<p style=\"text-align: left;\">Unser <strong><em>bt\u00fc<\/em><\/strong>-Vorsitzender seit 15.03.2024: Marcel Rath<\/p>\n<p style=\"text-align: center;\"><img loading=\"lazy\" decoding=\"async\" class=\"aligncenter wp-image-2798\" src=\"https:\/\/www.btue.de\/wp-content\/uploads\/2024\/03\/Marcel_Rath-1024x631.jpg\" alt=\"\" width=\"504\" height=\"310\" srcset=\"https:\/\/www.btue.de\/wp-content\/uploads\/2024\/03\/Marcel_Rath-1024x631.jpg 1024w, https:\/\/www.btue.de\/wp-content\/uploads\/2024\/03\/Marcel_Rath-300x185.jpg 300w, https:\/\/www.btue.de\/wp-content\/uploads\/2024\/03\/Marcel_Rath-150x92.jpg 150w, https:\/\/www.btue.de\/wp-content\/uploads\/2024\/03\/Marcel_Rath-768x473.jpg 768w, https:\/\/www.btue.de\/wp-content\/uploads\/2024\/03\/Marcel_Rath-1536x946.jpg 1536w, https:\/\/www.btue.de\/wp-content\/uploads\/2024\/03\/Marcel_Rath.jpg 1547w\" sizes=\"auto, (max-width: 504px) 100vw, 504px\" \/><\/p>\n<p style=\"text-align: center;\"><a href=\"mailto:Marcel.Rath@btue.de\">Marcel.Rath@btue.de<\/a><\/p>\n<p>Zur Person: Geboren 1981 in F\u00fcrstenfeldbruck, FOS Friedberg 2001, BWL-Studium an der FH M\u00fcnchen, wohnhaft in Ried Landkreis Aichach-Friedberg.<\/p>\n<p>Als Werkstudent und Aushilfe von 1999 \u2013 2006 in der T\u00dcV S\u00dcD Industrie Service\/T\u00dcV S\u00dcD AG t\u00e4tig, ab Juni 2006 Festanstellung in der T\u00dcV S\u00dcD Industrie Service und seit 2009 in der T\u00dcV S\u00dcD AG t\u00e4tig.<\/p>\n<p>Seit 2014 Betriebsrat in der T\u00dcV S\u00dcD AG, BR-Vorsitzender (2018 \u2013 2022) , KBR-Vorsitzender (2020 \u2013 2022), stellv. KBR-Vorsitzender (seit 2022), sowie Mitglied in diversen KBR-Aussch\u00fcssen.<\/p>\n<p>Aufsichtsratsmitglied T\u00dcV S\u00dcD AG (seit 2020), stellv. Aufsichtsratsvorsitzender der T\u00dcV S\u00dcD AG (seit 2023), sowie Mitglied im Personalausschuss und Pr\u00fcfungsausschuss.<\/p>\n<p><strong><em>bt\u00fc<\/em><\/strong>-Delegierter seit 2020, im Vorstand der <strong><em>bt\u00fc<\/em> <\/strong>seit 2020 und Vorsitzender seit 2024.<\/p>\n<p>&nbsp;<\/p>\n<figure id=\"attachment_3484\" aria-describedby=\"caption-attachment-3484\" style=\"width: 564px\" class=\"wp-caption aligncenter\"><img loading=\"lazy\" decoding=\"async\" class=\"wp-image-3484 size-full\" src=\"https:\/\/www.btue.de\/wp-content\/uploads\/2026\/02\/Delegierte_2024.jpg\" alt=\"\" width=\"564\" height=\"805\" srcset=\"https:\/\/www.btue.de\/wp-content\/uploads\/2026\/02\/Delegierte_2024.jpg 564w, https:\/\/www.btue.de\/wp-content\/uploads\/2026\/02\/Delegierte_2024-210x300.jpg 210w, https:\/\/www.btue.de\/wp-content\/uploads\/2026\/02\/Delegierte_2024-105x150.jpg 105w\" sizes=\"auto, (max-width: 564px) 100vw, 564px\" \/><figcaption id=\"caption-attachment-3484\" class=\"wp-caption-text\">Delegierte der Wahlperiode 2024-2028<\/figcaption><\/figure>\n<hr \/>\n","protected":false},"excerpt":{"rendered":"<p>Unser bt\u00fc-Vorsitzender seit 15.03.2024: Marcel Rath Marcel.Rath@btue.de Zur Person: Geboren 1981 in F\u00fcrstenfeldbruck, FOS Friedberg 2001, BWL-Studium an der FH M\u00fcnchen, wohnhaft in Ried Landkreis Aichach-Friedberg. Als Werkstudent und Aushilfe von 1999 \u2013 2006 in der T\u00dcV S\u00dcD Industrie Service\/T\u00dcV S\u00dcD AG t\u00e4tig, ab Juni 2006 Festanstellung in der T\u00dcV S\u00dcD Industrie Service und seit [&hellip;]<\/p>\n","protected":false},"author":1,"featured_media":0,"parent":15,"menu_order":0,"comment_status":"closed","ping_status":"closed","template":"","meta":{"footnotes":""},"class_list":["post-89","page","type-page","status-publish","hentry"],"_links":{"self":[{"href":"https:\/\/www.btue.de\/index.php?rest_route=\/wp\/v2\/pages\/89","targetHints":{"allow":["GET"]}}],"collection":[{"href":"https:\/\/www.btue.de\/index.php?rest_route=\/wp\/v2\/pages"}],"about":[{"href":"https:\/\/www.btue.de\/index.php?rest_route=\/wp\/v2\/types\/page"}],"author":[{"embeddable":true,"href":"https:\/\/www.btue.de\/index.php?rest_route=\/wp\/v2\/users\/1"}],"replies":[{"embeddable":true,"href":"https:\/\/www.btue.de\/index.php?rest_route=%2Fwp%2Fv2%2Fcomments&post=89"}],"version-history":[{"count":42,"href":"https:\/\/www.btue.de\/index.php?rest_route=\/wp\/v2\/pages\/89\/revisions"}],"predecessor-version":[{"id":3485,"href":"https:\/\/www.btue.de\/index.php?rest_route=\/wp\/v2\/pages\/89\/revisions\/3485"}],"up":[{"embeddable":true,"href":"https:\/\/www.btue.de\/index.php?rest_route=\/wp\/v2\/pages\/15"}],"wp:attachment":[{"href":"https:\/\/www.btue.de\/index.php?rest_route=%2Fwp%2Fv2%2Fmedia&parent=89"}],"curies":[{"name":"wp","href":"https:\/\/api.w.org\/{rel}","templated":true}]}}