{"id":93,"date":"2026-03-21T07:00:55","date_gmt":"2026-03-21T06:00:55","guid":{"rendered":"http:\/\/www.btue.de\/Wordpress\/?page_id=93"},"modified":"2026-03-21T09:14:36","modified_gmt":"2026-03-21T08:14:36","slug":"satzung","status":"publish","type":"page","link":"https:\/\/www.btue.de\/?page_id=93","title":{"rendered":"Satzung"},"content":{"rendered":"<p style=\"text-align: left;\" align=\"center\">Unsere Satzung gem\u00e4\u00df dem Beschluss des Delegiertentages vom 20. M\u00e4rz 2026 ist <a href=\"https:\/\/www.btue.de\/wp-content\/uploads\/2026\/03\/btue_Satzung_20260320.pdf\" target=\"_blank\" rel=\"noopener\">hier<\/a>\u00a0(PDF) nachzulesen.<\/p>\n","protected":false},"excerpt":{"rendered":"<p>Unsere Satzung gem\u00e4\u00df dem Beschluss des Delegiertentages vom 20. M\u00e4rz 2026 ist hier\u00a0(PDF) nachzulesen.<\/p>\n","protected":false},"author":1,"featured_media":0,"parent":15,"menu_order":0,"comment_status":"closed","ping_status":"closed","template":"","meta":{"footnotes":""},"class_list":["post-93","page","type-page","status-publish","hentry"],"_links":{"self":[{"href":"https:\/\/www.btue.de\/index.php?rest_route=\/wp\/v2\/pages\/93","targetHints":{"allow":["GET"]}}],"collection":[{"href":"https:\/\/www.btue.de\/index.php?rest_route=\/wp\/v2\/pages"}],"about":[{"href":"https:\/\/www.btue.de\/index.php?rest_route=\/wp\/v2\/types\/page"}],"author":[{"embeddable":true,"href":"https:\/\/www.btue.de\/index.php?rest_route=\/wp\/v2\/users\/1"}],"replies":[{"embeddable":true,"href":"https:\/\/www.btue.de\/index.php?rest_route=%2Fwp%2Fv2%2Fcomments&post=93"}],"version-history":[{"count":32,"href":"https:\/\/www.btue.de\/index.php?rest_route=\/wp\/v2\/pages\/93\/revisions"}],"predecessor-version":[{"id":3495,"href":"https:\/\/www.btue.de\/index.php?rest_route=\/wp\/v2\/pages\/93\/revisions\/3495"}],"up":[{"embeddable":true,"href":"https:\/\/www.btue.de\/index.php?rest_route=\/wp\/v2\/pages\/15"}],"wp:attachment":[{"href":"https:\/\/www.btue.de\/index.php?rest_route=%2Fwp%2Fv2%2Fmedia&parent=93"}],"curies":[{"name":"wp","href":"https:\/\/api.w.org\/{rel}","templated":true}]}}