{"id":95,"date":"2025-03-13T16:30:55","date_gmt":"2025-03-13T15:30:55","guid":{"rendered":"http:\/\/www.btue.de\/Wordpress\/?page_id=95"},"modified":"2025-03-13T16:45:44","modified_gmt":"2025-03-13T15:45:44","slug":"service","status":"publish","type":"page","link":"https:\/\/www.btue.de\/?page_id=95","title":{"rendered":"Service"},"content":{"rendered":"<h3>Sie haben R\u00fcckfragen?<\/h3>\n<p>F\u00fcr weitere Fragen, sei es z. B. zum Belegschaftsunterst\u00fctzungsverein (BUV) oder weiteres, hilft die <a href=\"https:\/\/www.btue.de\/?page_id=49\">Gesch\u00e4ftsstelle<\/a>\u00a0gerne weiter. Hier gibt es Antr\u00e4ge und Daten von Kontaktpersonen.<\/p>\n<p>&nbsp;<\/p>\n<h3>Weitere Themen:<\/h3>\n<ul>\n<li>zu unseren <a href=\"https:\/\/www.btue.de\/?page_id=1225\">Vorank\u00fcndigungen<\/a><\/li>\n<li>zu unseren <a title=\"Nachrichten\" href=\"https:\/\/www.btue.de\/?page_id=757\">Nachrichten<\/a><\/li>\n<li>zu unserem <a title=\"Rechtsschutz\" href=\"https:\/\/www.btue.de\/?page_id=18\">Rechtsschutz<\/a><\/li>\n<li>zu unseren Beitr\u00e4gen im <a href=\"https:\/\/www.btue.de\/?cat=38\">BTB-Magazin<\/a><\/li>\n<li>zu unseren <a href=\"https:\/\/www.btue.de\/?page_id=3149\">Erkl\u00e4rvideos<\/a><\/li>\n<\/ul>\n","protected":false},"excerpt":{"rendered":"<p>Sie haben R\u00fcckfragen? F\u00fcr weitere Fragen, sei es z. B. zum Belegschaftsunterst\u00fctzungsverein (BUV) oder weiteres, hilft die Gesch\u00e4ftsstelle\u00a0gerne weiter. Hier gibt es Antr\u00e4ge und Daten von Kontaktpersonen. &nbsp; Weitere Themen: zu unseren Vorank\u00fcndigungen zu unseren Nachrichten zu unserem Rechtsschutz zu unseren Beitr\u00e4gen im BTB-Magazin zu unseren Erkl\u00e4rvideos<\/p>\n","protected":false},"author":1,"featured_media":0,"parent":0,"menu_order":0,"comment_status":"closed","ping_status":"closed","template":"","meta":{"footnotes":""},"class_list":["post-95","page","type-page","status-publish","hentry"],"_links":{"self":[{"href":"https:\/\/www.btue.de\/index.php?rest_route=\/wp\/v2\/pages\/95","targetHints":{"allow":["GET"]}}],"collection":[{"href":"https:\/\/www.btue.de\/index.php?rest_route=\/wp\/v2\/pages"}],"about":[{"href":"https:\/\/www.btue.de\/index.php?rest_route=\/wp\/v2\/types\/page"}],"author":[{"embeddable":true,"href":"https:\/\/www.btue.de\/index.php?rest_route=\/wp\/v2\/users\/1"}],"replies":[{"embeddable":true,"href":"https:\/\/www.btue.de\/index.php?rest_route=%2Fwp%2Fv2%2Fcomments&post=95"}],"version-history":[{"count":16,"href":"https:\/\/www.btue.de\/index.php?rest_route=\/wp\/v2\/pages\/95\/revisions"}],"predecessor-version":[{"id":3175,"href":"https:\/\/www.btue.de\/index.php?rest_route=\/wp\/v2\/pages\/95\/revisions\/3175"}],"wp:attachment":[{"href":"https:\/\/www.btue.de\/index.php?rest_route=%2Fwp%2Fv2%2Fmedia&parent=95"}],"curies":[{"name":"wp","href":"https:\/\/api.w.org\/{rel}","templated":true}]}}